{"id":3959,"date":"2025-01-16T06:18:40","date_gmt":"2025-01-16T06:18:40","guid":{"rendered":"https:\/\/caolanhamlet.com\/?post_type=product&#038;p=3959"},"modified":"2026-01-02T14:25:01","modified_gmt":"2026-01-02T14:25:01","slug":"villa","status":"publish","type":"product","link":"https:\/\/caolanhamlet.com\/en\/product\/villa\/","title":{"rendered":"Grand Villa"},"content":{"rendered":"","protected":false},"excerpt":{"rendered":"<p>\u0110\u01b0\u1ee3c d\u1ef1ng ph\u1ecfng theo phong c\u00e1ch nh\u00e0 vua M\u00e8o H\u00e0 Giang, v\u1edbi 4 ph\u00f2ng ng\u1ee7 v\u00e0 \u0111\u1ec1u c\u00f3 toilet v\u00e0 t\u1eafm ri\u00eang trong ph\u00f2ng v\u00e0 c\u00e1c g\u00e1c nh\u1ecf nh\u01b0 ng\u00f4i nh\u00e0 trong truy\u1ec7n c\u1ed5 t\u00edch. Villa ph\u00f9 h\u1ee3p v\u1edbi nh\u00f3m kh\u00e1ch t\u1eeb 8 &#8211; 14 ng\u01b0\u1eddi v\u1edbi \u0111\u1ea7y \u0111\u1ee7 ti\u1ec7n nghi \u0111\u1ec3 ph\u1ee5c v\u1ee5 nhu c\u1ea7u ngh\u1ec9 d\u01b0\u1ee1ng nh\u01b0:<\/p>\n<p>* Ph\u00f2ng kh\u00e1ch r\u1ed9ng r\u00e3i nh\u00ecn ra v\u01b0\u1eddn hoa v\u00e0 v\u01b0\u1eddn rau.<br \/>\n* Nh\u00e0 b\u1ebfp \u0111\u1ea7y \u0111\u1ee7 d\u1ee5ng c\u1ee5 c\u00f3 th\u1ec3 t\u1ef1 n\u1ea5u n\u01b0\u1edbng c\u00f9ng nhau.<br \/>\n* Ph\u00f2ng \u0103n \u1ea5m c\u00fang b\u00ean b\u1ebfp l\u00f2 l\u1eeda.<br \/>\n* 4 ph\u00f2ng ng\u1ee7 c\u00f3 toilet ri\u00eang v\u1edbi gi\u01b0\u1eddng king size.<br \/>\n* C\u00e1c g\u00e1c nh\u1ecf v\u1edbi c\u00e1c n\u1ec7m nh\u1ecf.<br \/>\n* S\u00e2n trong n\u01b0\u1edbng BBQ v\u00e0 \u0111\u1ed1t l\u1eeda tr\u1ea1i.<\/p>\n","protected":false},"featured_media":3895,"comment_status":"open","ping_status":"closed","template":"","meta":[],"product_brand":[],"product_cat":[15],"product_tag":[],"class_list":{"0":"post-3959","1":"product","2":"type-product","3":"status-publish","4":"has-post-thumbnail","6":"product_cat-phong","8":"first","9":"instock","10":"shipping-taxable","11":"purchasable","12":"product-type-simple"},"yoast_head":"<!-- This site is optimized with the Yoast SEO plugin v25.0 - https:\/\/yoast.com\/wordpress\/plugins\/seo\/ -->\n<title>Grand Villa - caolanhamlet.com<\/title>\n<meta name=\"robots\" content=\"index, follow, max-snippet:-1, max-image-preview:large, max-video-preview:-1\" \/>\n<link rel=\"canonical\" href=\"https:\/\/caolanhamlet.com\/product\/villa\/\" \/>\n<meta property=\"og:locale\" content=\"en_US\" \/>\n<meta property=\"og:type\" content=\"article\" \/>\n<meta property=\"og:title\" content=\"Grand Villa - caolanhamlet.com\" \/>\n<meta property=\"og:description\" content=\"\u0110\u01b0\u1ee3c d\u1ef1ng ph\u1ecfng theo phong c\u00e1ch nh\u00e0 vua M\u00e8o H\u00e0 Giang, v\u1edbi 4 ph\u00f2ng ng\u1ee7 v\u00e0 \u0111\u1ec1u c\u00f3 toilet v\u00e0 t\u1eafm ri\u00eang trong ph\u00f2ng v\u00e0 c\u00e1c g\u00e1c nh\u1ecf nh\u01b0 ng\u00f4i nh\u00e0 trong truy\u1ec7n c\u1ed5 t\u00edch. Villa ph\u00f9 h\u1ee3p v\u1edbi nh\u00f3m kh\u00e1ch t\u1eeb 8 - 14 ng\u01b0\u1eddi v\u1edbi \u0111\u1ea7y \u0111\u1ee7 ti\u1ec7n nghi \u0111\u1ec3 ph\u1ee5c v\u1ee5 nhu c\u1ea7u ngh\u1ec9 d\u01b0\u1ee1ng nh\u01b0:  * Ph\u00f2ng kh\u00e1ch r\u1ed9ng r\u00e3i nh\u00ecn ra v\u01b0\u1eddn hoa v\u00e0 v\u01b0\u1eddn rau. * Nh\u00e0 b\u1ebfp \u0111\u1ea7y \u0111\u1ee7 d\u1ee5ng c\u1ee5 c\u00f3 th\u1ec3 t\u1ef1 n\u1ea5u n\u01b0\u1edbng c\u00f9ng nhau. * Ph\u00f2ng \u0103n \u1ea5m c\u00fang b\u00ean b\u1ebfp l\u00f2 l\u1eeda. * 4 ph\u00f2ng ng\u1ee7 c\u00f3 toilet ri\u00eang v\u1edbi gi\u01b0\u1eddng king size. * C\u00e1c g\u00e1c nh\u1ecf v\u1edbi c\u00e1c n\u1ec7m nh\u1ecf. * S\u00e2n trong n\u01b0\u1edbng BBQ v\u00e0 \u0111\u1ed1t l\u1eeda tr\u1ea1i.\" \/>\n<meta property=\"og:url\" content=\"https:\/\/caolanhamlet.com\/product\/villa\/\" \/>\n<meta property=\"og:site_name\" content=\"caolanhamlet.com\" \/>\n<meta property=\"article:modified_time\" content=\"2026-01-02T14:25:01+00:00\" \/>\n<meta property=\"og:image\" content=\"http:\/\/caolanhamlet.com\/wp-content\/uploads\/2025\/01\/Goc-Villa-phia-truoc-scaled.jpg\" \/>\n\t<meta property=\"og:image:width\" content=\"2560\" \/>\n\t<meta property=\"og:image:height\" content=\"1707\" \/>\n\t<meta property=\"og:image:type\" content=\"image\/jpeg\" \/>\n<script type=\"application\/ld+json\" class=\"yoast-schema-graph\">{\"@context\":\"https:\/\/schema.org\",\"@graph\":[{\"@type\":\"WebPage\",\"@id\":\"https:\/\/caolanhamlet.com\/product\/villa\/\",\"url\":\"https:\/\/caolanhamlet.com\/product\/villa\/\",\"name\":\"Grand Villa - caolanhamlet.com\",\"isPartOf\":{\"@id\":\"https:\/\/caolanhamlet.com\/#website\"},\"primaryImageOfPage\":{\"@id\":\"https:\/\/caolanhamlet.com\/product\/villa\/#primaryimage\"},\"image\":{\"@id\":\"https:\/\/caolanhamlet.com\/product\/villa\/#primaryimage\"},\"thumbnailUrl\":\"https:\/\/caolanhamlet.com\/wp-content\/uploads\/2025\/01\/Goc-Villa-phia-truoc-scaled.jpg\",\"datePublished\":\"2025-01-16T06:18:40+00:00\",\"dateModified\":\"2026-01-02T14:25:01+00:00\",\"breadcrumb\":{\"@id\":\"https:\/\/caolanhamlet.com\/product\/villa\/#breadcrumb\"},\"inLanguage\":\"en-US\",\"potentialAction\":[{\"@type\":\"ReadAction\",\"target\":[\"https:\/\/caolanhamlet.com\/product\/villa\/\"]}]},{\"@type\":\"ImageObject\",\"inLanguage\":\"en-US\",\"@id\":\"https:\/\/caolanhamlet.com\/product\/villa\/#primaryimage\",\"url\":\"https:\/\/caolanhamlet.com\/wp-content\/uploads\/2025\/01\/Goc-Villa-phia-truoc-scaled.jpg\",\"contentUrl\":\"https:\/\/caolanhamlet.com\/wp-content\/uploads\/2025\/01\/Goc-Villa-phia-truoc-scaled.jpg\",\"width\":2560,\"height\":1707},{\"@type\":\"BreadcrumbList\",\"@id\":\"https:\/\/caolanhamlet.com\/product\/villa\/#breadcrumb\",\"itemListElement\":[{\"@type\":\"ListItem\",\"position\":1,\"name\":\"Home\",\"item\":\"https:\/\/caolanhamlet.com\/\"},{\"@type\":\"ListItem\",\"position\":2,\"name\":\"Shop\",\"item\":\"https:\/\/caolanhamlet.com\/shop\/\"},{\"@type\":\"ListItem\",\"position\":3,\"name\":\"Grand Villa\"}]},{\"@type\":\"WebSite\",\"@id\":\"https:\/\/caolanhamlet.com\/#website\",\"url\":\"https:\/\/caolanhamlet.com\/\",\"name\":\"Cao Lan Hamlet\",\"description\":\"Khu ngh\u1ec9 d\u01b0\u1ee1ng \u0111\u1ed9c \u0111\u00e1o x\u1ee9 B\u2019lao\",\"potentialAction\":[{\"@type\":\"SearchAction\",\"target\":{\"@type\":\"EntryPoint\",\"urlTemplate\":\"https:\/\/caolanhamlet.com\/?s={search_term_string}\"},\"query-input\":{\"@type\":\"PropertyValueSpecification\",\"valueRequired\":true,\"valueName\":\"search_term_string\"}}],\"inLanguage\":\"en-US\"}]}<\/script>\n<!-- \/ Yoast SEO plugin. -->","yoast_head_json":{"title":"Grand Villa - caolanhamlet.com","robots":{"index":"index","follow":"follow","max-snippet":"max-snippet:-1","max-image-preview":"max-image-preview:large","max-video-preview":"max-video-preview:-1"},"canonical":"https:\/\/caolanhamlet.com\/product\/villa\/","og_locale":"en_US","og_type":"article","og_title":"Grand Villa - caolanhamlet.com","og_description":"\u0110\u01b0\u1ee3c d\u1ef1ng ph\u1ecfng theo phong c\u00e1ch nh\u00e0 vua M\u00e8o H\u00e0 Giang, v\u1edbi 4 ph\u00f2ng ng\u1ee7 v\u00e0 \u0111\u1ec1u c\u00f3 toilet v\u00e0 t\u1eafm ri\u00eang trong ph\u00f2ng v\u00e0 c\u00e1c g\u00e1c nh\u1ecf nh\u01b0 ng\u00f4i nh\u00e0 trong truy\u1ec7n c\u1ed5 t\u00edch. Villa ph\u00f9 h\u1ee3p v\u1edbi nh\u00f3m kh\u00e1ch t\u1eeb 8 - 14 ng\u01b0\u1eddi v\u1edbi \u0111\u1ea7y \u0111\u1ee7 ti\u1ec7n nghi \u0111\u1ec3 ph\u1ee5c v\u1ee5 nhu c\u1ea7u ngh\u1ec9 d\u01b0\u1ee1ng nh\u01b0:  * Ph\u00f2ng kh\u00e1ch r\u1ed9ng r\u00e3i nh\u00ecn ra v\u01b0\u1eddn hoa v\u00e0 v\u01b0\u1eddn rau. * Nh\u00e0 b\u1ebfp \u0111\u1ea7y \u0111\u1ee7 d\u1ee5ng c\u1ee5 c\u00f3 th\u1ec3 t\u1ef1 n\u1ea5u n\u01b0\u1edbng c\u00f9ng nhau. * Ph\u00f2ng \u0103n \u1ea5m c\u00fang b\u00ean b\u1ebfp l\u00f2 l\u1eeda. * 4 ph\u00f2ng ng\u1ee7 c\u00f3 toilet ri\u00eang v\u1edbi gi\u01b0\u1eddng king size. * C\u00e1c g\u00e1c nh\u1ecf v\u1edbi c\u00e1c n\u1ec7m nh\u1ecf. * S\u00e2n trong n\u01b0\u1edbng BBQ v\u00e0 \u0111\u1ed1t l\u1eeda tr\u1ea1i.","og_url":"https:\/\/caolanhamlet.com\/product\/villa\/","og_site_name":"caolanhamlet.com","article_modified_time":"2026-01-02T14:25:01+00:00","og_image":[{"width":2560,"height":1707,"url":"http:\/\/caolanhamlet.com\/wp-content\/uploads\/2025\/01\/Goc-Villa-phia-truoc-scaled.jpg","type":"image\/jpeg"}],"schema":{"@context":"https:\/\/schema.org","@graph":[{"@type":"WebPage","@id":"https:\/\/caolanhamlet.com\/product\/villa\/","url":"https:\/\/caolanhamlet.com\/product\/villa\/","name":"Grand Villa - caolanhamlet.com","isPartOf":{"@id":"https:\/\/caolanhamlet.com\/#website"},"primaryImageOfPage":{"@id":"https:\/\/caolanhamlet.com\/product\/villa\/#primaryimage"},"image":{"@id":"https:\/\/caolanhamlet.com\/product\/villa\/#primaryimage"},"thumbnailUrl":"https:\/\/caolanhamlet.com\/wp-content\/uploads\/2025\/01\/Goc-Villa-phia-truoc-scaled.jpg","datePublished":"2025-01-16T06:18:40+00:00","dateModified":"2026-01-02T14:25:01+00:00","breadcrumb":{"@id":"https:\/\/caolanhamlet.com\/product\/villa\/#breadcrumb"},"inLanguage":"en-US","potentialAction":[{"@type":"ReadAction","target":["https:\/\/caolanhamlet.com\/product\/villa\/"]}]},{"@type":"ImageObject","inLanguage":"en-US","@id":"https:\/\/caolanhamlet.com\/product\/villa\/#primaryimage","url":"https:\/\/caolanhamlet.com\/wp-content\/uploads\/2025\/01\/Goc-Villa-phia-truoc-scaled.jpg","contentUrl":"https:\/\/caolanhamlet.com\/wp-content\/uploads\/2025\/01\/Goc-Villa-phia-truoc-scaled.jpg","width":2560,"height":1707},{"@type":"BreadcrumbList","@id":"https:\/\/caolanhamlet.com\/product\/villa\/#breadcrumb","itemListElement":[{"@type":"ListItem","position":1,"name":"Home","item":"https:\/\/caolanhamlet.com\/"},{"@type":"ListItem","position":2,"name":"Shop","item":"https:\/\/caolanhamlet.com\/shop\/"},{"@type":"ListItem","position":3,"name":"Grand Villa"}]},{"@type":"WebSite","@id":"https:\/\/caolanhamlet.com\/#website","url":"https:\/\/caolanhamlet.com\/","name":"Cao Lan Hamlet","description":"Khu ngh\u1ec9 d\u01b0\u1ee1ng \u0111\u1ed9c \u0111\u00e1o x\u1ee9 B\u2019lao","potentialAction":[{"@type":"SearchAction","target":{"@type":"EntryPoint","urlTemplate":"https:\/\/caolanhamlet.com\/?s={search_term_string}"},"query-input":{"@type":"PropertyValueSpecification","valueRequired":true,"valueName":"search_term_string"}}],"inLanguage":"en-US"}]}},"_links":{"self":[{"href":"https:\/\/caolanhamlet.com\/en\/wp-json\/wp\/v2\/product\/3959","targetHints":{"allow":["GET"]}}],"collection":[{"href":"https:\/\/caolanhamlet.com\/en\/wp-json\/wp\/v2\/product"}],"about":[{"href":"https:\/\/caolanhamlet.com\/en\/wp-json\/wp\/v2\/types\/product"}],"replies":[{"embeddable":true,"href":"https:\/\/caolanhamlet.com\/en\/wp-json\/wp\/v2\/comments?post=3959"}],"version-history":[{"count":4,"href":"https:\/\/caolanhamlet.com\/en\/wp-json\/wp\/v2\/product\/3959\/revisions"}],"predecessor-version":[{"id":6118,"href":"https:\/\/caolanhamlet.com\/en\/wp-json\/wp\/v2\/product\/3959\/revisions\/6118"}],"wp:featuredmedia":[{"embeddable":true,"href":"https:\/\/caolanhamlet.com\/en\/wp-json\/wp\/v2\/media\/3895"}],"wp:attachment":[{"href":"https:\/\/caolanhamlet.com\/en\/wp-json\/wp\/v2\/media?parent=3959"}],"wp:term":[{"taxonomy":"product_brand","embeddable":true,"href":"https:\/\/caolanhamlet.com\/en\/wp-json\/wp\/v2\/product_brand?post=3959"},{"taxonomy":"product_cat","embeddable":true,"href":"https:\/\/caolanhamlet.com\/en\/wp-json\/wp\/v2\/product_cat?post=3959"},{"taxonomy":"product_tag","embeddable":true,"href":"https:\/\/caolanhamlet.com\/en\/wp-json\/wp\/v2\/product_tag?post=3959"}],"curies":[{"name":"wp","href":"https:\/\/api.w.org\/{rel}","templated":true}]}}