{"id":3633,"date":"2024-12-13T06:53:01","date_gmt":"2024-12-13T06:53:01","guid":{"rendered":"https:\/\/caolanhamlet.com\/?post_type=product&#038;p=3633"},"modified":"2025-05-15T01:29:05","modified_gmt":"2025-05-15T01:29:05","slug":"house-for-3-guests","status":"publish","type":"product","link":"https:\/\/caolanhamlet.com\/en\/product\/house-for-3-guests\/","title":{"rendered":"Nh\u00e0 3 ng\u01b0\u1eddi"},"content":{"rendered":"","protected":false},"excerpt":{"rendered":"<p><strong>Nh\u00e0 L\u1ed9c V\u1eebng (65m2):<\/strong> Nh\u00e0 s\u00e0n view nh\u00e0 h\u00e0ng v\u00e0 h\u1ed3 b\u01a1i, bao g\u1ed3m hai t\u1ea7ng: T\u1ea7ng tr\u00ean l\u00e0 khu v\u1ef1c ph\u00f2ng ngh\u1ec9 v\u1edbi m\u1ed9t gi\u01b0\u1eddng King Size v\u00e0 m\u1ed9t gi\u01b0\u1eddng Daybed\/\u0110\u01a1n, t\u1ea7ng d\u01b0\u1edbi l\u00e0 khu v\u1ef1c \u0111\u1ec3 ng\u00e2m th\u1ea3o d\u01b0\u1ee3c, ng\u1eafm c\u1ea3nh v\u00e0 th\u01b0\u1edfng tr\u00e0.<\/p>\n<p><strong>Nh\u00e0 B\u1eb1ng L\u0103ng (65m2):<\/strong> Nh\u00e0 s\u00e0n n\u1eb1m c\u1ea1nh r\u1eebng th\u00f4ng v\u1edbi view thung l\u0169ng, g\u1ed3m hai t\u1ea7ng: T\u1ea7ng tr\u00ean l\u00e0 khu v\u1ef1c ph\u00f2ng ngh\u1ec9 v\u1edbi m\u1ed9t gi\u01b0\u1eddng King Size v\u00e0 m\u1ed9t gi\u01b0\u1eddng Daybed\/\u0110\u01a1n,, t\u1ea7ng d\u01b0\u1edbi l\u00e0 khu v\u1ef1c \u0111\u1ec3 ng\u00e2m th\u1ea3o d\u01b0\u1ee3c, ng\u1eafm c\u1ea3nh v\u00e0 th\u01b0\u1edfng tr\u00e0.<\/p>\n","protected":false},"featured_media":5443,"comment_status":"open","ping_status":"closed","template":"","meta":[],"product_brand":[],"product_cat":[15],"product_tag":[],"class_list":{"0":"post-3633","1":"product","2":"type-product","3":"status-publish","4":"has-post-thumbnail","6":"product_cat-phong","8":"first","9":"instock","10":"shipping-taxable","11":"purchasable","12":"product-type-simple"},"yoast_head":"<!-- This site is optimized with the Yoast SEO plugin v25.0 - https:\/\/yoast.com\/wordpress\/plugins\/seo\/ -->\n<title>Nh\u00e0 3 ng\u01b0\u1eddi - caolanhamlet.com<\/title>\n<meta name=\"robots\" content=\"index, follow, max-snippet:-1, max-image-preview:large, max-video-preview:-1\" \/>\n<link rel=\"canonical\" href=\"https:\/\/caolanhamlet.com\/product\/house-for-3-guests\/\" \/>\n<meta property=\"og:locale\" content=\"en_US\" \/>\n<meta property=\"og:type\" content=\"article\" \/>\n<meta property=\"og:title\" content=\"Nh\u00e0 3 ng\u01b0\u1eddi - caolanhamlet.com\" \/>\n<meta property=\"og:description\" content=\"Nh\u00e0 L\u1ed9c V\u1eebng (65m2): Nh\u00e0 s\u00e0n view nh\u00e0 h\u00e0ng v\u00e0 h\u1ed3 b\u01a1i, bao g\u1ed3m hai t\u1ea7ng: T\u1ea7ng tr\u00ean l\u00e0 khu v\u1ef1c ph\u00f2ng ngh\u1ec9 v\u1edbi m\u1ed9t gi\u01b0\u1eddng King Size v\u00e0 m\u1ed9t gi\u01b0\u1eddng Daybed\/\u0110\u01a1n, t\u1ea7ng d\u01b0\u1edbi l\u00e0 khu v\u1ef1c \u0111\u1ec3 ng\u00e2m th\u1ea3o d\u01b0\u1ee3c, ng\u1eafm c\u1ea3nh v\u00e0 th\u01b0\u1edfng tr\u00e0.  Nh\u00e0 B\u1eb1ng L\u0103ng (65m2): Nh\u00e0 s\u00e0n n\u1eb1m c\u1ea1nh r\u1eebng th\u00f4ng v\u1edbi view thung l\u0169ng, g\u1ed3m hai t\u1ea7ng: T\u1ea7ng tr\u00ean l\u00e0 khu v\u1ef1c ph\u00f2ng ngh\u1ec9 v\u1edbi m\u1ed9t gi\u01b0\u1eddng King Size v\u00e0 m\u1ed9t gi\u01b0\u1eddng Daybed\/\u0110\u01a1n,, t\u1ea7ng d\u01b0\u1edbi l\u00e0 khu v\u1ef1c \u0111\u1ec3 ng\u00e2m th\u1ea3o d\u01b0\u1ee3c, ng\u1eafm c\u1ea3nh v\u00e0 th\u01b0\u1edfng tr\u00e0.\" \/>\n<meta property=\"og:url\" content=\"https:\/\/caolanhamlet.com\/product\/house-for-3-guests\/\" \/>\n<meta property=\"og:site_name\" content=\"caolanhamlet.com\" \/>\n<meta property=\"article:modified_time\" content=\"2025-05-15T01:29:05+00:00\" \/>\n<meta property=\"og:image\" content=\"http:\/\/caolanhamlet.com\/wp-content\/uploads\/2024\/12\/DSCF1547-scaled.jpg\" \/>\n\t<meta property=\"og:image:width\" content=\"2560\" \/>\n\t<meta property=\"og:image:height\" content=\"1707\" \/>\n\t<meta property=\"og:image:type\" content=\"image\/jpeg\" \/>\n<script type=\"application\/ld+json\" class=\"yoast-schema-graph\">{\"@context\":\"https:\/\/schema.org\",\"@graph\":[{\"@type\":\"WebPage\",\"@id\":\"https:\/\/caolanhamlet.com\/product\/house-for-3-guests\/\",\"url\":\"https:\/\/caolanhamlet.com\/product\/house-for-3-guests\/\",\"name\":\"Nh\u00e0 3 ng\u01b0\u1eddi - caolanhamlet.com\",\"isPartOf\":{\"@id\":\"https:\/\/caolanhamlet.com\/#website\"},\"primaryImageOfPage\":{\"@id\":\"https:\/\/caolanhamlet.com\/product\/house-for-3-guests\/#primaryimage\"},\"image\":{\"@id\":\"https:\/\/caolanhamlet.com\/product\/house-for-3-guests\/#primaryimage\"},\"thumbnailUrl\":\"https:\/\/caolanhamlet.com\/wp-content\/uploads\/2024\/12\/DSCF1547-scaled.jpg\",\"datePublished\":\"2024-12-13T06:53:01+00:00\",\"dateModified\":\"2025-05-15T01:29:05+00:00\",\"breadcrumb\":{\"@id\":\"https:\/\/caolanhamlet.com\/product\/house-for-3-guests\/#breadcrumb\"},\"inLanguage\":\"en-US\",\"potentialAction\":[{\"@type\":\"ReadAction\",\"target\":[\"https:\/\/caolanhamlet.com\/product\/house-for-3-guests\/\"]}]},{\"@type\":\"ImageObject\",\"inLanguage\":\"en-US\",\"@id\":\"https:\/\/caolanhamlet.com\/product\/house-for-3-guests\/#primaryimage\",\"url\":\"https:\/\/caolanhamlet.com\/wp-content\/uploads\/2024\/12\/DSCF1547-scaled.jpg\",\"contentUrl\":\"https:\/\/caolanhamlet.com\/wp-content\/uploads\/2024\/12\/DSCF1547-scaled.jpg\",\"width\":2560,\"height\":1707},{\"@type\":\"BreadcrumbList\",\"@id\":\"https:\/\/caolanhamlet.com\/product\/house-for-3-guests\/#breadcrumb\",\"itemListElement\":[{\"@type\":\"ListItem\",\"position\":1,\"name\":\"Home\",\"item\":\"https:\/\/caolanhamlet.com\/\"},{\"@type\":\"ListItem\",\"position\":2,\"name\":\"Shop\",\"item\":\"https:\/\/caolanhamlet.com\/shop\/\"},{\"@type\":\"ListItem\",\"position\":3,\"name\":\"Nh\u00e0 3 ng\u01b0\u1eddi\"}]},{\"@type\":\"WebSite\",\"@id\":\"https:\/\/caolanhamlet.com\/#website\",\"url\":\"https:\/\/caolanhamlet.com\/\",\"name\":\"Cao Lan Hamlet\",\"description\":\"Khu ngh\u1ec9 d\u01b0\u1ee1ng \u0111\u1ed9c \u0111\u00e1o x\u1ee9 B\u2019lao\",\"potentialAction\":[{\"@type\":\"SearchAction\",\"target\":{\"@type\":\"EntryPoint\",\"urlTemplate\":\"https:\/\/caolanhamlet.com\/?s={search_term_string}\"},\"query-input\":{\"@type\":\"PropertyValueSpecification\",\"valueRequired\":true,\"valueName\":\"search_term_string\"}}],\"inLanguage\":\"en-US\"}]}<\/script>\n<!-- \/ Yoast SEO plugin. -->","yoast_head_json":{"title":"Nh\u00e0 3 ng\u01b0\u1eddi - caolanhamlet.com","robots":{"index":"index","follow":"follow","max-snippet":"max-snippet:-1","max-image-preview":"max-image-preview:large","max-video-preview":"max-video-preview:-1"},"canonical":"https:\/\/caolanhamlet.com\/product\/house-for-3-guests\/","og_locale":"en_US","og_type":"article","og_title":"Nh\u00e0 3 ng\u01b0\u1eddi - caolanhamlet.com","og_description":"Nh\u00e0 L\u1ed9c V\u1eebng (65m2): Nh\u00e0 s\u00e0n view nh\u00e0 h\u00e0ng v\u00e0 h\u1ed3 b\u01a1i, bao g\u1ed3m hai t\u1ea7ng: T\u1ea7ng tr\u00ean l\u00e0 khu v\u1ef1c ph\u00f2ng ngh\u1ec9 v\u1edbi m\u1ed9t gi\u01b0\u1eddng King Size v\u00e0 m\u1ed9t gi\u01b0\u1eddng Daybed\/\u0110\u01a1n, t\u1ea7ng d\u01b0\u1edbi l\u00e0 khu v\u1ef1c \u0111\u1ec3 ng\u00e2m th\u1ea3o d\u01b0\u1ee3c, ng\u1eafm c\u1ea3nh v\u00e0 th\u01b0\u1edfng tr\u00e0.  Nh\u00e0 B\u1eb1ng L\u0103ng (65m2): Nh\u00e0 s\u00e0n n\u1eb1m c\u1ea1nh r\u1eebng th\u00f4ng v\u1edbi view thung l\u0169ng, g\u1ed3m hai t\u1ea7ng: T\u1ea7ng tr\u00ean l\u00e0 khu v\u1ef1c ph\u00f2ng ngh\u1ec9 v\u1edbi m\u1ed9t gi\u01b0\u1eddng King Size v\u00e0 m\u1ed9t gi\u01b0\u1eddng Daybed\/\u0110\u01a1n,, t\u1ea7ng d\u01b0\u1edbi l\u00e0 khu v\u1ef1c \u0111\u1ec3 ng\u00e2m th\u1ea3o d\u01b0\u1ee3c, ng\u1eafm c\u1ea3nh v\u00e0 th\u01b0\u1edfng tr\u00e0.","og_url":"https:\/\/caolanhamlet.com\/product\/house-for-3-guests\/","og_site_name":"caolanhamlet.com","article_modified_time":"2025-05-15T01:29:05+00:00","og_image":[{"width":2560,"height":1707,"url":"http:\/\/caolanhamlet.com\/wp-content\/uploads\/2024\/12\/DSCF1547-scaled.jpg","type":"image\/jpeg"}],"schema":{"@context":"https:\/\/schema.org","@graph":[{"@type":"WebPage","@id":"https:\/\/caolanhamlet.com\/product\/house-for-3-guests\/","url":"https:\/\/caolanhamlet.com\/product\/house-for-3-guests\/","name":"Nh\u00e0 3 ng\u01b0\u1eddi - caolanhamlet.com","isPartOf":{"@id":"https:\/\/caolanhamlet.com\/#website"},"primaryImageOfPage":{"@id":"https:\/\/caolanhamlet.com\/product\/house-for-3-guests\/#primaryimage"},"image":{"@id":"https:\/\/caolanhamlet.com\/product\/house-for-3-guests\/#primaryimage"},"thumbnailUrl":"https:\/\/caolanhamlet.com\/wp-content\/uploads\/2024\/12\/DSCF1547-scaled.jpg","datePublished":"2024-12-13T06:53:01+00:00","dateModified":"2025-05-15T01:29:05+00:00","breadcrumb":{"@id":"https:\/\/caolanhamlet.com\/product\/house-for-3-guests\/#breadcrumb"},"inLanguage":"en-US","potentialAction":[{"@type":"ReadAction","target":["https:\/\/caolanhamlet.com\/product\/house-for-3-guests\/"]}]},{"@type":"ImageObject","inLanguage":"en-US","@id":"https:\/\/caolanhamlet.com\/product\/house-for-3-guests\/#primaryimage","url":"https:\/\/caolanhamlet.com\/wp-content\/uploads\/2024\/12\/DSCF1547-scaled.jpg","contentUrl":"https:\/\/caolanhamlet.com\/wp-content\/uploads\/2024\/12\/DSCF1547-scaled.jpg","width":2560,"height":1707},{"@type":"BreadcrumbList","@id":"https:\/\/caolanhamlet.com\/product\/house-for-3-guests\/#breadcrumb","itemListElement":[{"@type":"ListItem","position":1,"name":"Home","item":"https:\/\/caolanhamlet.com\/"},{"@type":"ListItem","position":2,"name":"Shop","item":"https:\/\/caolanhamlet.com\/shop\/"},{"@type":"ListItem","position":3,"name":"Nh\u00e0 3 ng\u01b0\u1eddi"}]},{"@type":"WebSite","@id":"https:\/\/caolanhamlet.com\/#website","url":"https:\/\/caolanhamlet.com\/","name":"Cao Lan Hamlet","description":"Khu ngh\u1ec9 d\u01b0\u1ee1ng \u0111\u1ed9c \u0111\u00e1o x\u1ee9 B\u2019lao","potentialAction":[{"@type":"SearchAction","target":{"@type":"EntryPoint","urlTemplate":"https:\/\/caolanhamlet.com\/?s={search_term_string}"},"query-input":{"@type":"PropertyValueSpecification","valueRequired":true,"valueName":"search_term_string"}}],"inLanguage":"en-US"}]}},"_links":{"self":[{"href":"https:\/\/caolanhamlet.com\/en\/wp-json\/wp\/v2\/product\/3633","targetHints":{"allow":["GET"]}}],"collection":[{"href":"https:\/\/caolanhamlet.com\/en\/wp-json\/wp\/v2\/product"}],"about":[{"href":"https:\/\/caolanhamlet.com\/en\/wp-json\/wp\/v2\/types\/product"}],"replies":[{"embeddable":true,"href":"https:\/\/caolanhamlet.com\/en\/wp-json\/wp\/v2\/comments?post=3633"}],"version-history":[{"count":5,"href":"https:\/\/caolanhamlet.com\/en\/wp-json\/wp\/v2\/product\/3633\/revisions"}],"predecessor-version":[{"id":4107,"href":"https:\/\/caolanhamlet.com\/en\/wp-json\/wp\/v2\/product\/3633\/revisions\/4107"}],"wp:featuredmedia":[{"embeddable":true,"href":"https:\/\/caolanhamlet.com\/en\/wp-json\/wp\/v2\/media\/5443"}],"wp:attachment":[{"href":"https:\/\/caolanhamlet.com\/en\/wp-json\/wp\/v2\/media?parent=3633"}],"wp:term":[{"taxonomy":"product_brand","embeddable":true,"href":"https:\/\/caolanhamlet.com\/en\/wp-json\/wp\/v2\/product_brand?post=3633"},{"taxonomy":"product_cat","embeddable":true,"href":"https:\/\/caolanhamlet.com\/en\/wp-json\/wp\/v2\/product_cat?post=3633"},{"taxonomy":"product_tag","embeddable":true,"href":"https:\/\/caolanhamlet.com\/en\/wp-json\/wp\/v2\/product_tag?post=3633"}],"curies":[{"name":"wp","href":"https:\/\/api.w.org\/{rel}","templated":true}]}}